{"id":7,"date":"2017-03-03T13:15:01","date_gmt":"2017-03-03T12:15:01","guid":{"rendered":"http:\/\/www.tenhaven.net\/?page_id=7"},"modified":"2025-11-01T14:32:55","modified_gmt":"2025-11-01T13:32:55","slug":"jan-tenhaven","status":"publish","type":"page","link":"https:\/\/www.tenhaven.net\/en\/jan-tenhaven\/","title":{"rendered":"About Jan"},"content":{"rendered":"<div id=\"attachment_1038\" style=\"width: 272px\" class=\"wp-caption alignnone\"><img loading=\"lazy\" decoding=\"async\" aria-describedby=\"caption-attachment-1038\" class=\"wp-image-1038 \" src=\"https:\/\/www.tenhaven.net\/wp-content\/uploads\/2021\/05\/1319212450-scaled.jpg\" alt=\"\" width=\"262\" height=\"393\" srcset=\"https:\/\/www.tenhaven.net\/wp-content\/uploads\/2021\/05\/1319212450-scaled.jpg 1707w, https:\/\/www.tenhaven.net\/wp-content\/uploads\/2021\/05\/1319212450-960x1439.jpg 960w, https:\/\/www.tenhaven.net\/wp-content\/uploads\/2021\/05\/1319212450-768x1151.jpg 768w, https:\/\/www.tenhaven.net\/wp-content\/uploads\/2021\/05\/1319212450-1024x1536.jpg 1024w, https:\/\/www.tenhaven.net\/wp-content\/uploads\/2021\/05\/1319212450-1366x2048.jpg 1366w, https:\/\/www.tenhaven.net\/wp-content\/uploads\/2021\/05\/1319212450-125x187.jpg 125w, https:\/\/www.tenhaven.net\/wp-content\/uploads\/2021\/05\/1319212450-640x960.jpg 640w\" sizes=\"auto, (max-width: 262px) 100vw, 262px\" \/><p id=\"caption-attachment-1038\" class=\"wp-caption-text\">Photo by Andreas Rentz\/Getty Images<\/p><\/div>\n<p>&nbsp;<\/p>\n<p style=\"margin: .1pt 0cm .1pt 0cm;\">Jan Tenhaven is an award-winning writer and director of documentaries and non-fiction television programmes. He has a passion for exploring the stories of most fascinating people in our society and telling their personal stories in a respectful and unique way. When not exploring the human condition, he also specializes in creating programmes that focus on nature and our surrounding environment, the sciences, and travel. His documentaries has been shown on ARD, ZDF, Arte, 3Sat, BBC2, YLE, VPRO, NHK, Amazon Prime Video, Netflix and other outlets.<\/p>\n<p>Jan learned his craft through roles at a number of television station as a writer, reporter, and short documentary filmmaker. Most notably he served as a television correspondent and bureau chief of APM Media in London for three years in the late 90s.<\/p>\n<p>In 2001 Jan turned his focus towards long formats. This decision turned out to be a prudent one.<\/p>\n<p>With his very first theatrical, feature-length documentary <a href=\"https:\/\/www.tenhaven.net\/en\/portfolio\/herbstgold\/\">AUTUMN GOLD<\/a> Jan received a number of awards, including the Filmmakers Award at the Hot Docs Film Festival 2010 in Toronto, the IDFA Youth Jury Award at the International Documentary Film Festival Amsterdam 2010, and the Grand Prize of the Jury at the Guangzhou International Documentary Festival 2010 in China, plus numerous Audience Awards around the world.<\/p>\n<p>For his television documentary <a href=\"https:\/\/www.tenhaven.net\/en\/portfolio\/derkrieginmir\/\">THE WAR IN ME<\/a> detailing post-war trauma, Jan received the Media Award for Science Journalism by the German Association for Psychiatry and Psychotherapy DGPPN.<\/p>\n<p>Jan&#8217;s feature-length documentary <a href=\"https:\/\/www.tenhaven.net\/en\/portfolio\/silicon-valley-revolution\/\">SILICON VALLEY REVOLUTION<\/a> has won the Audience Award at the Berlin &amp; Beyond Film Festival in San Francisco and was included into &#8220;100 Masterpieces&#8221; the modern canon of knowledge published by the German weekly paper Die Zeit.<\/p>\n<p>Jan was awarded a Rias Media Fellowship at the DeWitt Wallace Centre for Communication and Journalism, Duke University, North Carolina, USA. He was also selected to attend the Documentary Campus Masterschool.<\/p>\n<p style=\"margin: .1pt 0cm .1pt 0cm;\">Jan\u2019s degree in Social Sciences at the Ruhr-Universit\u00e4t Bochum and at the Humboldt-Universit\u00e4t Berlin gave him a head start in understanding the human condition. His studies of Journalism at the Freie Universit\u00e4t Berlin gave him the nuts and bolts of good reporting.<\/p>\n<p>Jan believes in being an active participant in the filmmaking world and has served various juries, including the German Camera Award, the Sehs\u00fcchte Film Festival at the Film University Babelsberg Konrad Wolf and the nomination committee for the Award of the German Academy for Televison (DAfF) where he also serves as chairman of the Documentary section.<\/p>\n<p class=\"p1\">Do you want updates from behind the scenes, insights into work in progress, and news about new film releases? Subscribe to Jan\u2019s newsletter\u00a0<a href=\"https:\/\/flow.cleverreach.com\/fl\/9e912d10-f317-4802-9048-676d7abcb4bc\/\">here<\/a>.<\/p>\n<p>&nbsp;<\/p>\n<p style=\"margin: .1pt 0cm .1pt 0cm;\">Memberships:<\/p>\n<p><a href=\"http:\/\/www.agdok.de\"><img loading=\"lazy\" decoding=\"async\" class=\"alignnone wp-image-612 \" src=\"https:\/\/www.tenhaven.net\/wp-content\/uploads\/2017\/03\/agdok__logo-1024x391.jpg\" alt=\"\" width=\"191\" height=\"73\" srcset=\"https:\/\/www.tenhaven.net\/wp-content\/uploads\/2017\/03\/agdok__logo-1024x391.jpg 1024w, https:\/\/www.tenhaven.net\/wp-content\/uploads\/2017\/03\/agdok__logo-1024x391-768x293.jpg 768w, https:\/\/www.tenhaven.net\/wp-content\/uploads\/2017\/03\/agdok__logo-1024x391-960x367.jpg 960w, https:\/\/www.tenhaven.net\/wp-content\/uploads\/2017\/03\/agdok__logo-1024x391-125x48.jpg 125w, https:\/\/www.tenhaven.net\/wp-content\/uploads\/2017\/03\/agdok__logo-1024x391-640x244.jpg 640w\" sizes=\"auto, (max-width: 191px) 100vw, 191px\" \/>\u00a0\u00a0\u00a0\u00a0\u00a0\u00a0\u00a0<\/a><a href=\"https:\/\/www.deutscheakademiefuerfernsehen.de\" target=\"_blank\" rel=\"noopener noreferrer\"><img loading=\"lazy\" decoding=\"async\" class=\"alignnone wp-image-615 \" src=\"https:\/\/www.tenhaven.net\/wp-content\/uploads\/2017\/03\/DAFFLOGO_0.png\" alt=\"\" width=\"197\" height=\"80\" srcset=\"https:\/\/www.tenhaven.net\/wp-content\/uploads\/2017\/03\/DAFFLOGO_0.png 311w, https:\/\/www.tenhaven.net\/wp-content\/uploads\/2017\/03\/DAFFLOGO_0-125x51.png 125w\" sizes=\"auto, (max-width: 197px) 100vw, 197px\" \/><\/a><\/p>\n<p><a href=\"http:\/\/www.bildkunst.de\"><img loading=\"lazy\" decoding=\"async\" class=\"alignnone wp-image-613 \" src=\"https:\/\/www.tenhaven.net\/wp-content\/uploads\/2017\/03\/bild-kunst_logo_variante3.jpg\" alt=\"\" width=\"147\" height=\"80\" srcset=\"https:\/\/www.tenhaven.net\/wp-content\/uploads\/2017\/03\/bild-kunst_logo_variante3.jpg 827w, https:\/\/www.tenhaven.net\/wp-content\/uploads\/2017\/03\/bild-kunst_logo_variante3-768x417.jpg 768w, https:\/\/www.tenhaven.net\/wp-content\/uploads\/2017\/03\/bild-kunst_logo_variante3-125x68.jpg 125w, https:\/\/www.tenhaven.net\/wp-content\/uploads\/2017\/03\/bild-kunst_logo_variante3-640x347.jpg 640w\" sizes=\"auto, (max-width: 147px) 100vw, 147px\" \/>\u00a0\u00a0\u00a0\u00a0<\/a><a href=\"http:\/\/www.vgwort.de\"><img loading=\"lazy\" decoding=\"async\" class=\"alignnone wp-image-616 \" src=\"https:\/\/www.tenhaven.net\/wp-content\/uploads\/2017\/03\/logo_vg-wort.png\" alt=\"\" width=\"193\" height=\"113\" srcset=\"https:\/\/www.tenhaven.net\/wp-content\/uploads\/2017\/03\/logo_vg-wort.png 230w, https:\/\/www.tenhaven.net\/wp-content\/uploads\/2017\/03\/logo_vg-wort-125x73.png 125w\" sizes=\"auto, (max-width: 193px) 100vw, 193px\" \/><\/a><\/p>\n<p>&nbsp;<\/p>\n<p>Profile at Crew United:<\/p>\n<p><a href=\"https:\/\/www.crew-united.com\/?bio=133960\"><img loading=\"lazy\" decoding=\"async\" class=\"alignnone wp-image-614 \" src=\"https:\/\/www.tenhaven.net\/wp-content\/uploads\/2017\/03\/crew-united.jpeg\" alt=\"\" width=\"224\" height=\"40\" srcset=\"https:\/\/www.tenhaven.net\/wp-content\/uploads\/2017\/03\/crew-united.jpeg 765w, https:\/\/www.tenhaven.net\/wp-content\/uploads\/2017\/03\/crew-united-125x22.jpeg 125w, https:\/\/www.tenhaven.net\/wp-content\/uploads\/2017\/03\/crew-united-640x115.jpeg 640w\" sizes=\"auto, (max-width: 224px) 100vw, 224px\" \/><\/a><\/p>\n<p>&nbsp;<\/p>\n","protected":false},"excerpt":{"rendered":"<p>&nbsp; Jan Tenhaven is an award-winning writer and director of documentaries and non-fiction television programmes. [&hellip;]<\/p>\n","protected":false},"author":1,"featured_media":0,"parent":0,"menu_order":0,"comment_status":"closed","ping_status":"closed","template":"","meta":{"footnotes":""},"class_list":["post-7","page","type-page","status-publish","hentry"],"_links":{"self":[{"href":"https:\/\/www.tenhaven.net\/en\/wp-json\/wp\/v2\/pages\/7","targetHints":{"allow":["GET"]}}],"collection":[{"href":"https:\/\/www.tenhaven.net\/en\/wp-json\/wp\/v2\/pages"}],"about":[{"href":"https:\/\/www.tenhaven.net\/en\/wp-json\/wp\/v2\/types\/page"}],"author":[{"embeddable":true,"href":"https:\/\/www.tenhaven.net\/en\/wp-json\/wp\/v2\/users\/1"}],"replies":[{"embeddable":true,"href":"https:\/\/www.tenhaven.net\/en\/wp-json\/wp\/v2\/comments?post=7"}],"version-history":[{"count":54,"href":"https:\/\/www.tenhaven.net\/en\/wp-json\/wp\/v2\/pages\/7\/revisions"}],"predecessor-version":[{"id":1493,"href":"https:\/\/www.tenhaven.net\/en\/wp-json\/wp\/v2\/pages\/7\/revisions\/1493"}],"wp:attachment":[{"href":"https:\/\/www.tenhaven.net\/en\/wp-json\/wp\/v2\/media?parent=7"}],"curies":[{"name":"wp","href":"https:\/\/api.w.org\/{rel}","templated":true}]}}